{"id":7,"date":"2013-05-30T23:01:23","date_gmt":"2013-05-30T21:01:23","guid":{"rendered":"http:\/\/www.netzheimat.at\/yumi-klavier\/?page_id=7"},"modified":"2018-02-11T22:57:48","modified_gmt":"2018-02-11T21:57:48","slug":"yumi-zens","status":"publish","type":"page","link":"https:\/\/www.netzheimat.at\/klavier\/","title":{"rendered":"Yumi Zens"},"content":{"rendered":"<p style=\"text-align: justify;\"><img loading=\"lazy\" decoding=\"async\" class=\"alignright wp-image-151 size-medium\" src=\"https:\/\/www.netzheimat.at\/klavier\/wp-content\/uploads\/2018\/02\/IMG_23381-e1518214540835-300x450.jpg\" alt=\"\" width=\"300\" height=\"450\" srcset=\"https:\/\/www.netzheimat.at\/klavier\/wp-content\/uploads\/2018\/02\/IMG_23381-e1518214540835-300x450.jpg 300w, https:\/\/www.netzheimat.at\/klavier\/wp-content\/uploads\/2018\/02\/IMG_23381-e1518214540835-200x300.jpg 200w, https:\/\/www.netzheimat.at\/klavier\/wp-content\/uploads\/2018\/02\/IMG_23381-e1518214540835-768x1153.jpg 768w, https:\/\/www.netzheimat.at\/klavier\/wp-content\/uploads\/2018\/02\/IMG_23381-e1518214540835-400x600.jpg 400w, https:\/\/www.netzheimat.at\/klavier\/wp-content\/uploads\/2018\/02\/IMG_23381-e1518214540835.jpg 960w\" sizes=\"auto, (max-width: 300px) 100vw, 300px\" \/>Ich wurde am 23.03.1976 in Japan geboren. Als Tochter einer Klavierlehrerin bekam ich\u00a0schon im Alter von 5 Jahren meinen ersten Klavierunterricht.<\/p>\n<p style=\"text-align: justify;\">1998 habe ich in Japan mein Studium von Konzertfach Klavier und Instrumental-P\u00e4dagogik f\u00fcr Klavier abgeschlossen und bin zum weiteren Studium nach Wien gekommen.<\/p>\n<p style=\"text-align: justify;\">2004 habe ich in \u00d6sterreich dann die Diplompr\u00fcfung Instrumental-P\u00e4dagogik f\u00fcr Klavier mit Verleihung des staatlichen Lehrbef\u00e4higungszeugnisses und danach im Jahr 2005 die Diplompr\u00fcfung Konzertfach Klavier mit ausgezeichnetem Erfolg abgelegt.<\/p>\n<p style=\"text-align: justify;\">Neben meiner Ausbildung am Konservatorium habe ich bereits privat Unterricht gegeben, sowie in Wien und Japan Klavier-Konzerte veranstaltet und in einer ORF Fernsehserie als Klavierspielerin mitgewirkt.<\/p>\n<p style=\"text-align: justify;\">Seit dem Abschluss meiner Ausbildung im Jahr 2005 gebe ich kontinuierlich Privatunterricht in Wien.\u00a0Im Laufe der Jahre konnte ich viele Sch\u00fcler f\u00fcr die Aufnahme am Musik-Gymnasium, an verschiedenen privaten Konservatorien, sowie an der Universit\u00e4t f\u00fcr Musik und darstellende Kunst in Wien vorbereiten und bis zum erfolgreichen Abschluss der Ausbildung weiter unterst\u00fctzen.<\/p>\n<p style=\"text-align: justify;\">\n","protected":false},"excerpt":{"rendered":"<p>Ich wurde am 23.03.1976 in Japan geboren. Als Tochter einer Klavierlehrerin bekam ich\u00a0schon im Alter von 5 Jahren meinen ersten Klavierunterricht. 1998 habe ich in Japan mein Studium von Konzertfach Klavier und Instrumental-P\u00e4dagogik f\u00fcr Klavier abgeschlossen und bin zum weiteren Studium nach Wien gekommen. 2004 habe ich in \u00d6sterreich dann die Diplompr\u00fcfung Instrumental-P\u00e4dagogik f\u00fcr Klavier &hellip; <\/p>\n<p class=\"link-more\"><a href=\"https:\/\/www.netzheimat.at\/klavier\/\" class=\"more-link\"><span class=\"screen-reader-text\">\u201eYumi Zens\u201c <\/span>weiterlesen<\/a><\/p>\n","protected":false},"author":1,"featured_media":0,"parent":0,"menu_order":0,"comment_status":"closed","ping_status":"closed","template":"","meta":{"footnotes":""},"class_list":["post-7","page","type-page","status-publish","hentry"],"_links":{"self":[{"href":"https:\/\/www.netzheimat.at\/klavier\/wp-json\/wp\/v2\/pages\/7","targetHints":{"allow":["GET"]}}],"collection":[{"href":"https:\/\/www.netzheimat.at\/klavier\/wp-json\/wp\/v2\/pages"}],"about":[{"href":"https:\/\/www.netzheimat.at\/klavier\/wp-json\/wp\/v2\/types\/page"}],"author":[{"embeddable":true,"href":"https:\/\/www.netzheimat.at\/klavier\/wp-json\/wp\/v2\/users\/1"}],"replies":[{"embeddable":true,"href":"https:\/\/www.netzheimat.at\/klavier\/wp-json\/wp\/v2\/comments?post=7"}],"version-history":[{"count":22,"href":"https:\/\/www.netzheimat.at\/klavier\/wp-json\/wp\/v2\/pages\/7\/revisions"}],"predecessor-version":[{"id":157,"href":"https:\/\/www.netzheimat.at\/klavier\/wp-json\/wp\/v2\/pages\/7\/revisions\/157"}],"wp:attachment":[{"href":"https:\/\/www.netzheimat.at\/klavier\/wp-json\/wp\/v2\/media?parent=7"}],"curies":[{"name":"wp","href":"https:\/\/api.w.org\/{rel}","templated":true}]}}